{"id":6,"date":"2022-01-02T19:38:09","date_gmt":"2022-01-02T19:38:09","guid":{"rendered":"http:\/\/noclegownia.opole.pl\/wordpress\/?page_id=6"},"modified":"2024-11-06T20:36:35","modified_gmt":"2024-11-06T20:36:35","slug":"the-new-umoma-opens-its-doors-2","status":"publish","type":"page","link":"https:\/\/noclegownia.opole.pl\/","title":{"rendered":"Miejski O\u015brodek Pomocy Osobom Bezdomnym i Uzale\u017cnionym  w Opolu kieruje swoj\u0105 pomoc do os\u00f3b:"},"content":{"rendered":"\n<div class=\"wp-block-media-text alignwide is-stacked-on-mobile\"><figure class=\"wp-block-media-text__media\"><img loading=\"lazy\" decoding=\"async\" width=\"496\" height=\"324\" src=\"http:\/\/noclegownia.opole.pl\/wordpress\/wp-content\/uploads\/2022\/01\/img0045.png\" alt=\"\" class=\"wp-image-72 size-full\" srcset=\"https:\/\/noclegownia.opole.pl\/wp-content\/uploads\/2022\/01\/img0045.png 496w, https:\/\/noclegownia.opole.pl\/wp-content\/uploads\/2022\/01\/img0045-300x196.png 300w\" sizes=\"auto, (max-width: 496px) 100vw, 496px\" \/><\/figure><div class=\"wp-block-media-text__content\">\n<p class=\"has-regular-font-size\"><strong>Miejski O\u015brodek Pomocy Osobom Bezdomnym i Uzale\u017cnionym w Opolu kieruje swoj\u0105 pomoc do os\u00f3b:<\/strong><\/p>\n\n\n\n<ul class=\"wp-block-list\">\n<li>Bezdomnych<\/li>\n\n\n\n<li>Uzale\u017cnionych<\/li>\n\n\n\n<li>Wsp\u00f3\u0142uzale\u017cnionych<\/li>\n\n\n\n<li>Os\u00f3b opuszczaj\u0105cych zak\u0142ady karne<\/li>\n<\/ul>\n<\/div><\/div>\n\n\n\n<div style=\"height:50px\" aria-hidden=\"true\" class=\"wp-block-spacer\"><\/div>\n\n\n\n<blockquote class=\"wp-block-quote has-text-align-center is-style-large is-layout-flow wp-block-quote-is-layout-flow\">\n<p><strong>Informacja o dzia\u0142alno\u015bci Miejskiego O\u015brodka Pomocy osobom bezdomnym i Uzale\u017cnionym.<\/strong><\/p>\n<\/blockquote>\n\n\n\n<div style=\"height:25px\" aria-hidden=\"true\" class=\"wp-block-spacer\"><\/div>\n\n\n\n<p class=\"has-blue-color has-text-color\"><strong>Do zada\u0144 O\u015brodka nale\u017cy:<\/strong><\/p>\n\n\n\n<ol class=\"wp-block-list\">\n<li>Prowadzenie profilaktycznej dzia\u0142alno\u015bci konsultacyjnej, informacyjnej i edukacyjnej;<\/li>\n\n\n\n<li>Prowadzenie rehabilitacji spo\u0142ecznej i zdrowotnej dla os\u00f3b korzystaj\u0105cych z us\u0142ug O\u015brodka;<\/li>\n\n\n\n<li>Udzielanie pomocy psychospo\u0142ecznej osobom i rodzinom z problemem alkoholowym;<\/li>\n\n\n\n<li>Stawianie wst\u0119pnej diagnozy uzale\u017cnie\u0144;<\/li>\n\n\n\n<li>Udzielanie schronienia w noclegowni;<\/li>\n\n\n\n<li>Udzielanie schronienia w schronisku osobom bezdomnym, kt\u00f3re podpisa\u0142y kontrakt socjalny;<\/li>\n\n\n\n<li>Udzielanie niesamodzielnym osobom bezdomnym schronienia i wsparcia w schronisku dla os\u00f3b bezdomnych z us\u0142ugami opieku\u0144czymi;<\/li>\n\n\n\n<li>Udzielanie konsultacji i pomocy medycznej w nag\u0142ych wypadkach;<\/li>\n\n\n\n<li>Motywowanie do podj\u0119cia leczenia.<\/li>\n<\/ol>\n\n\n\n<p class=\"has-blue-color has-text-color\"><strong>Aby skutecznie komunikowa\u0107 si\u0119 z nasz\u0105 instytucj\u0105 osoby z niepe\u0142nosprawno\u015bciami mog\u0105:<\/strong><\/p>\n\n\n\n<ul class=\"wp-block-list\">\n<li>Napisa\u0107 pismo na adres: Miejski O\u015brodek Pomocy Osobom bezdomnym i Uzale\u017cnionym w Opolu, ul. Ks. Jerzego Popie\u0142uszki 18, 45-601 Opole;<\/li>\n\n\n\n<li>Wys\u0142a\u0107 e-mail na adres: <a href=\"mailto:dyrektor@noclegownia.opole.pl\">dyrektor@noclegownia.opole.pl<\/a> lub <a href=\"mailto:mopobiu.profilaktyka@o2.pl\">mopobiu.profilaktyka@o2.pl<\/a> ;<\/li>\n\n\n\n<li>Skontaktowa\u0107 si\u0119 telefonicznie przy pomocy osoby trzeciej na numer telefonu: 77&nbsp;456 27 76;<\/li>\n\n\n\n<li>Skontaktowa\u0107 si\u0119 osobi\u015bcie w siedzibie O\u015brodka , zg\u0142aszaj\u0105c si\u0119:&nbsp;<\/li>\n<\/ul>\n\n\n\n<p>&#8211; do Dzia\u0142u Administracyjno-Gospodarczego &#8211; od poniedzia\u0142ku do pi\u0105tku w godz. od 7 do 15 (parter),<\/p>\n\n\n\n<p>&#8211; do Dzia\u0142u Opieku\u0144czo-Terapeutycznego \u2013 od poniedzia\u0142ku do soboty w godz. od 7 do 15 (parter).<\/p>\n\n\n\n<div style=\"height:40px\" aria-hidden=\"true\" class=\"wp-block-spacer\"><\/div>\n\n\n\n<blockquote class=\"wp-block-quote has-text-align-center is-style-large is-layout-flow wp-block-quote-is-layout-flow\">\n<p><strong>MOPOBiU w Opolu oferuje pomoc:<\/strong><\/p>\n<\/blockquote>\n\n\n\n<div style=\"height:25px\" aria-hidden=\"true\" class=\"wp-block-spacer\"><\/div>\n\n\n\n<ul class=\"wp-block-list\">\n<li><strong>Sta\u0142\u0105 pomoc socjalno-prawn\u0105<\/strong> &#8211; Poza zapewnieniem podstawowej pomocy socjalnej (nocleg, wy\u017cywienie, odzie\u017c, \u015brodki czysto\u015bci) zar\u00f3wno w trakcie pobytu w O\u015brodku jak i po opuszczeniu o\u015brodka osoby bezdomne maj\u0105 zapewnion\u0105 kompleksow\u0105 pomoc socjalno-prawn\u0105. Pocz\u0105tkowo pracownik socjalny pomaga osobom bezdomnym uregulowa\u0107 zaleg\u0142e sprawy legislacyjno-mieszkaniowe, oraz zak\u0142ada kart\u0119 podopiecznego O\u015brodka. Na podstawie rozm\u00f3w wst\u0119pnych z pracownikiem socjalnym sporz\u0105dza si\u0119 indywidualny wielostopniowy plan pomocy socjalno-prawnej i kieruje do odpowiednich instytucji pomocy spo\u0142ecznej. W tym samym okresie podopieczny kierowany jest na terapi\u0119 (uzale\u017cnie\u0144 oraz poprzez prac\u0119). Przygotowanie do \u017cycia w spo\u0142ecze\u0144stwie (praca na rzecz o\u015brodka w celu nabycia nawyk\u00f3w pracy w ramach terapii uzale\u017cnie\u0144, oraz terapii pracy) ponadto inicjowana jest wsp\u00f3\u0142praca instytucji dzia\u0142aj\u0105cych na polu pomocy spo\u0142ecznej.<\/li>\n\n\n\n<li><strong>Terapeutyczno-psychologiczn\u0105<\/strong> &#8211; Terapeuta i psycholog prowadz\u0105 prac\u0119 terapeutyczn\u0105 z osobami bezdomnymi i zagro\u017conymi bezdomno\u015bci\u0105. Zajmuj\u0105 si\u0119 profilaktyk\u0105 bezdomno\u015bci, organizuje grupy wsparcia, prowadzi indywidualne i grupowe spotkania edukacyjne z zakresu problemu uzale\u017cnienia od narkotyk\u00f3w i alkoholu. Ponadto modeluje pozytywne wzorce postaw i wspiera w odbudowie wi\u0119zi rodzinnych. Terapeuta tut. o\u015brodka prowadzi konsultacje indywidualne dla os\u00f3b wsp\u00f3\u0142uzale\u017cnionych, pomaga w uzyskaniu miejsc w o\u015brodkach terapii odwykowej.<\/li>\n<\/ul>\n\n\n\n<div style=\"height:50px\" aria-hidden=\"true\" class=\"wp-block-spacer\"><\/div>\n\n\n\n<div class=\"wp-block-media-text alignwide has-media-on-the-right is-stacked-on-mobile\"><div class=\"wp-block-media-text__content\">\n<p class=\"has-text-align-center has-blue-color has-text-color\"><strong><strong>MOPOBiU w Opolu wsp\u00f3\u0142pracuje z:<\/strong><\/strong><\/p>\n\n\n\n<ul class=\"wp-block-list\">\n<li>O\u015brodkiem Interwencji Kryzysowej w Opolu<\/li>\n\n\n\n<li>Miejskim O\u015brodkiem Pomocy Rodzinie w Opolu<\/li>\n\n\n\n<li>Agendami administracji rz\u0105dowej<\/li>\n\n\n\n<li>Plac\u00f3wkami s\u0142u\u017cby zdrowia<\/li>\n\n\n\n<li>Wymiarem sprawiedliwo\u015bci<\/li>\n\n\n\n<li>Organizacjami pozarz\u0105dowymi<\/li>\n<\/ul>\n<\/div><figure class=\"wp-block-media-text__media\"><img loading=\"lazy\" decoding=\"async\" width=\"489\" height=\"295\" src=\"http:\/\/noclegownia.opole.pl\/wordpress\/wp-content\/uploads\/2022\/01\/img0060.png\" alt=\"\" class=\"wp-image-75 size-full\" srcset=\"https:\/\/noclegownia.opole.pl\/wp-content\/uploads\/2022\/01\/img0060.png 489w, https:\/\/noclegownia.opole.pl\/wp-content\/uploads\/2022\/01\/img0060-300x181.png 300w\" sizes=\"auto, (max-width: 489px) 100vw, 489px\" \/><\/figure><\/div>\n\n\n\n<div style=\"height:35px\" aria-hidden=\"true\" class=\"wp-block-spacer\"><\/div>\n\n\n\n<p><strong><em>Za\u0142\u0105czniki:<\/em><\/strong><\/p>\n\n\n\n<div class=\"wp-block-file\"><a id=\"wp-block-file--media-e0b866e6-0621-4071-9eed-4b8841421be4\" href=\"http:\/\/noclegownia.opole.pl\/wordpress\/wp-content\/uploads\/2024\/11\/Informacja-o-dzialalnosci-Osrodka-w-tekscie-latwym-do-czytania-ETR-EASY-TO-READ.docx\" target=\"_blank\" rel=\"noreferrer noopener\">Informacja o dzia\u0142alno\u015bci O\u015brodka w tek\u015bcie \u0142atwym do czytania &#8211; ETR (EASY TO READ)<\/a><\/div>\n\n\n\n<div class=\"wp-block-file\"><a id=\"wp-block-file--media-bf53bd25-c2e7-4f6c-b6d5-417be35a0189\" href=\"http:\/\/noclegownia.opole.pl\/wordpress\/wp-content\/uploads\/2024\/11\/Informacja-o-dzialalnosci-Osrodka-tekst-do-odczytania-maszynowo.docx\" target=\"_blank\" rel=\"noreferrer noopener\">Informacja o dzia\u0142alno\u015bci O\u015brodka &#8211; tekst do odczytania maszynowego<\/a><\/div>\n\n\n\n<div style=\"height:55px\" aria-hidden=\"true\" class=\"wp-block-spacer\"><\/div>\n","protected":false},"excerpt":{"rendered":"<p>Informacja o dzia\u0142alno\u015bci Miejskiego O\u015brodka Pomocy osobom bezdomnym i Uzale\u017cnionym. Do zada\u0144 O\u015brodka nale\u017cy: Aby skutecznie komunikowa\u0107 si\u0119 z nasz\u0105 instytucj\u0105 osoby z niepe\u0142nosprawno\u015bciami mog\u0105: &#8211; do Dzia\u0142u Administracyjno-Gospodarczego &#8211; od poniedzia\u0142ku do pi\u0105tku w godz. od 7 do 15 (parter), &#8211; do Dzia\u0142u Opieku\u0144czo-Terapeutycznego [&hellip;]<\/p>\n","protected":false},"author":1,"featured_media":0,"parent":0,"menu_order":0,"comment_status":"closed","ping_status":"closed","template":"","meta":{"footnotes":""},"class_list":["post-6","page","type-page","status-publish","hentry"],"_links":{"self":[{"href":"https:\/\/noclegownia.opole.pl\/index.php\/wp-json\/wp\/v2\/pages\/6","targetHints":{"allow":["GET"]}}],"collection":[{"href":"https:\/\/noclegownia.opole.pl\/index.php\/wp-json\/wp\/v2\/pages"}],"about":[{"href":"https:\/\/noclegownia.opole.pl\/index.php\/wp-json\/wp\/v2\/types\/page"}],"author":[{"embeddable":true,"href":"https:\/\/noclegownia.opole.pl\/index.php\/wp-json\/wp\/v2\/users\/1"}],"replies":[{"embeddable":true,"href":"https:\/\/noclegownia.opole.pl\/index.php\/wp-json\/wp\/v2\/comments?post=6"}],"version-history":[{"count":26,"href":"https:\/\/noclegownia.opole.pl\/index.php\/wp-json\/wp\/v2\/pages\/6\/revisions"}],"predecessor-version":[{"id":417,"href":"https:\/\/noclegownia.opole.pl\/index.php\/wp-json\/wp\/v2\/pages\/6\/revisions\/417"}],"wp:attachment":[{"href":"https:\/\/noclegownia.opole.pl\/index.php\/wp-json\/wp\/v2\/media?parent=6"}],"curies":[{"name":"wp","href":"https:\/\/api.w.org\/{rel}","templated":true}]}}