{"id":7,"date":"2022-01-02T19:38:09","date_gmt":"2022-01-02T19:38:09","guid":{"rendered":"http:\/\/noclegownia.opole.pl\/wordpress\/?page_id=7"},"modified":"2022-04-20T17:35:07","modified_gmt":"2022-04-20T17:35:07","slug":"about","status":"publish","type":"page","link":"http:\/\/noclegownia.opole.pl\/index.php\/about\/","title":{"rendered":"Dokumenty"},"content":{"rendered":"\n<p><strong>REGULAMIN MIEJSKIEGO O\u015aRODKA&nbsp; POMOCY&nbsp; OSOBOM&nbsp; BEZDOMNYM I UZALE\u017bNIONYM W OPOLU<\/strong><\/p>\n\n\n\n<div class=\"wp-block-file\"><a href=\"http:\/\/noclegownia.opole.pl\/wordpress\/wp-content\/uploads\/2022\/01\/Regulamin.pdf\" class=\"wp-block-file__button\" download aria-describedby=\"wp-block-file--media-f15f9e51-0bf2-451d-8b63-c27714965491\">Pobierz<\/a><\/div>\n\n\n\n<hr class=\"wp-block-separator has-text-color has-background has-black-background-color has-black-color is-style-wide\"\/>\n\n\n\n<div style=\"height:55px\" aria-hidden=\"true\" class=\"wp-block-spacer\"><\/div>\n\n\n\n<p><strong>UCHWA\u0141A NR XIX\/160\/03 RADY MIASTA OPOLA z dnia 16 pa\u017adziernika 2003 r.<\/strong><\/p>\n\n\n\n<div class=\"wp-block-file\"><a href=\"http:\/\/noclegownia.opole.pl\/wordpress\/wp-content\/uploads\/2022\/01\/uchwala-nr-xix.pdf\" class=\"wp-block-file__button\" download aria-describedby=\"wp-block-file--media-139b62a3-0efc-4a7b-8be8-d44c093361ae\">Pobierz<\/a><\/div>\n\n\n\n<hr class=\"wp-block-separator has-text-color has-background has-black-background-color has-black-color is-style-wide\"\/>\n\n\n\n<div style=\"height:55px\" aria-hidden=\"true\" class=\"wp-block-spacer\"><\/div>\n\n\n\n<p><strong>UCHWA\u0141A NR XXX\/556\/16 RADY MIASTA OPOLA z dnia 25 sierpnia 2016 r.<\/strong> &#8211; Statut MOPOBiU w Opolu<\/p>\n\n\n\n<div class=\"wp-block-file\"><a href=\"http:\/\/noclegownia.opole.pl\/wordpress\/wp-content\/uploads\/2022\/04\/Statut-Miejskiego-Osrodka-Pomocy-Osobom-Bezdomnym-i-Uzalezniony-w-Opolu.pdf\" class=\"wp-block-file__button\" download aria-describedby=\"wp-block-file--media-e459b38b-1ce5-48ac-be7d-efbc6a8274f6\">Pobierz<\/a><\/div>\n\n\n\n<hr class=\"wp-block-separator has-text-color has-background has-black-background-color has-black-color is-style-wide\"\/>\n\n\n\n<div style=\"height:50px\" aria-hidden=\"true\" class=\"wp-block-spacer\"><\/div>\n\n\n\n<div class=\"wp-block-image\"><figure class=\"aligncenter size-large\"><img loading=\"lazy\" decoding=\"async\" width=\"826\" height=\"1024\" src=\"http:\/\/noclegownia.opole.pl\/wordpress\/wp-content\/uploads\/2022\/01\/oloszenienabor-1-826x1024.jpg\" alt=\"\" class=\"wp-image-99\" srcset=\"http:\/\/noclegownia.opole.pl\/wp-content\/uploads\/2022\/01\/oloszenienabor-1-826x1024.jpg 826w, http:\/\/noclegownia.opole.pl\/wp-content\/uploads\/2022\/01\/oloszenienabor-1-600x744.jpg 600w, http:\/\/noclegownia.opole.pl\/wp-content\/uploads\/2022\/01\/oloszenienabor-1-242x300.jpg 242w, http:\/\/noclegownia.opole.pl\/wp-content\/uploads\/2022\/01\/oloszenienabor-1-768x953.jpg 768w, http:\/\/noclegownia.opole.pl\/wp-content\/uploads\/2022\/01\/oloszenienabor-1-1238x1536.jpg 1238w, http:\/\/noclegownia.opole.pl\/wp-content\/uploads\/2022\/01\/oloszenienabor-1.jpg 1240w\" sizes=\"auto, (max-width: 826px) 100vw, 826px\" \/><\/figure><\/div>\n\n\n\n<div class=\"wp-block-file\"><a href=\"http:\/\/noclegownia.opole.pl\/wordpress\/wp-content\/uploads\/2022\/01\/Porozumienie-wzor..odt\" class=\"wp-block-file__button\" download aria-describedby=\"wp-block-file--media-508354f7-a102-460a-be43-15a0688791cd\">Pobierz<\/a><\/div>\n\n\n\n<hr class=\"wp-block-separator has-text-color has-background has-black-background-color has-black-color is-style-wide\"\/>\n\n\n\n<div style=\"height:55px\" aria-hidden=\"true\" class=\"wp-block-spacer\"><\/div>\n\n\n\n<div class=\"wp-block-image\"><figure class=\"aligncenter size-full\"><img loading=\"lazy\" decoding=\"async\" width=\"479\" height=\"695\" src=\"http:\/\/noclegownia.opole.pl\/wordpress\/wp-content\/uploads\/2022\/01\/img0133.jpg\" alt=\"\" class=\"wp-image-102\" srcset=\"http:\/\/noclegownia.opole.pl\/wp-content\/uploads\/2022\/01\/img0133.jpg 479w, http:\/\/noclegownia.opole.pl\/wp-content\/uploads\/2022\/01\/img0133-207x300.jpg 207w\" sizes=\"auto, (max-width: 479px) 100vw, 479px\" \/><\/figure><\/div>\n\n\n\n<div class=\"wp-block-image\"><figure class=\"aligncenter size-full\"><img loading=\"lazy\" decoding=\"async\" width=\"491\" height=\"684\" src=\"http:\/\/noclegownia.opole.pl\/wordpress\/wp-content\/uploads\/2022\/01\/img0134.jpg\" alt=\"\" class=\"wp-image-103\" srcset=\"http:\/\/noclegownia.opole.pl\/wp-content\/uploads\/2022\/01\/img0134.jpg 491w, http:\/\/noclegownia.opole.pl\/wp-content\/uploads\/2022\/01\/img0134-215x300.jpg 215w\" sizes=\"auto, (max-width: 491px) 100vw, 491px\" \/><\/figure><\/div>\n\n\n\n<div class=\"wp-block-file\"><a href=\"http:\/\/noclegownia.opole.pl\/wordpress\/wp-content\/uploads\/2022\/01\/Rozstrzygniecie-o-udz.pdf\" class=\"wp-block-file__button\" download aria-describedby=\"wp-block-file--media-4c166638-7450-4397-bf13-6d9d8183ebfa\">Pobierz<\/a><\/div>\n\n\n\n<hr class=\"wp-block-separator has-text-color has-background has-black-background-color has-black-color is-style-wide\"\/>\n\n\n\n<div style=\"height:55px\" aria-hidden=\"true\" class=\"wp-block-spacer\"><\/div>\n\n\n\n<p class=\"has-text-align-center\"><strong>&#8221;&nbsp;Ca\u0142odobowa opieka lekarska nad osobami doprowadzonymi do&nbsp;izby wytrze\u017awie\u0144 oraz przebywaj\u0105cymi w noclegowni i ogrzewalni&nbsp;Miejskiego O\u015brodka Pomocy&nbsp; Osobom Bezdomnym i Uzale\u017cnionym w Opolu\u201d<\/strong><\/p>\n\n\n\n<div class=\"wp-block-file\"><a href=\"http:\/\/noclegownia.opole.pl\/wordpress\/wp-content\/uploads\/2022\/01\/plan-po-rok-2021-wersja-2.pdf\" class=\"wp-block-file__button\" download aria-describedby=\"wp-block-file--media-e1a33513-bbe1-43ab-8123-7abaabc1da6b\">Pobierz<\/a><\/div>\n\n\n\n<hr class=\"wp-block-separator has-text-color has-background has-black-background-color has-black-color is-style-wide\"\/>\n\n\n\n<div style=\"height:55px\" aria-hidden=\"true\" class=\"wp-block-spacer\"><\/div>\n","protected":false},"excerpt":{"rendered":"<p>REGULAMIN MIEJSKIEGO O\u015aRODKA&nbsp; POMOCY&nbsp; OSOBOM&nbsp; BEZDOMNYM I UZALE\u017bNIONYM W OPOLU UCHWA\u0141A NR XIX\/160\/03 RADY MIASTA OPOLA z dnia 16 pa\u017adziernika 2003 r. UCHWA\u0141A NR XXX\/556\/16 RADY MIASTA OPOLA z dnia 25 sierpnia 2016 r. &#8211; Statut MOPOBiU w Opolu &#8221;&nbsp;Ca\u0142odobowa opieka lekarska nad osobami doprowadzonymi [&hellip;]<\/p>\n","protected":false},"author":1,"featured_media":0,"parent":0,"menu_order":0,"comment_status":"closed","ping_status":"closed","template":"","meta":{"footnotes":""},"class_list":["post-7","page","type-page","status-publish","hentry"],"_links":{"self":[{"href":"http:\/\/noclegownia.opole.pl\/index.php\/wp-json\/wp\/v2\/pages\/7","targetHints":{"allow":["GET"]}}],"collection":[{"href":"http:\/\/noclegownia.opole.pl\/index.php\/wp-json\/wp\/v2\/pages"}],"about":[{"href":"http:\/\/noclegownia.opole.pl\/index.php\/wp-json\/wp\/v2\/types\/page"}],"author":[{"embeddable":true,"href":"http:\/\/noclegownia.opole.pl\/index.php\/wp-json\/wp\/v2\/users\/1"}],"replies":[{"embeddable":true,"href":"http:\/\/noclegownia.opole.pl\/index.php\/wp-json\/wp\/v2\/comments?post=7"}],"version-history":[{"count":16,"href":"http:\/\/noclegownia.opole.pl\/index.php\/wp-json\/wp\/v2\/pages\/7\/revisions"}],"predecessor-version":[{"id":202,"href":"http:\/\/noclegownia.opole.pl\/index.php\/wp-json\/wp\/v2\/pages\/7\/revisions\/202"}],"wp:attachment":[{"href":"http:\/\/noclegownia.opole.pl\/index.php\/wp-json\/wp\/v2\/media?parent=7"}],"curies":[{"name":"wp","href":"https:\/\/api.w.org\/{rel}","templated":true}]}}