{"id":408,"date":"2024-07-15T18:36:20","date_gmt":"2024-07-15T18:36:20","guid":{"rendered":"http:\/\/noclegownia.opole.pl\/wordpress\/?page_id=408"},"modified":"2024-07-15T18:42:35","modified_gmt":"2024-07-15T18:42:35","slug":"bezplatna-pomoc-zywnosciowa","status":"publish","type":"page","link":"http:\/\/noclegownia.opole.pl\/index.php\/bezplatna-pomoc-zywnosciowa\/","title":{"rendered":"Bezp\u0142atna Pomoc \u017bywno\u015bciowa"},"content":{"rendered":"\n<div style=\"height:40px\" aria-hidden=\"true\" class=\"wp-block-spacer\"><\/div>\n\n\n\n<p><strong>Skorzystaj z bezp\u0142atnej pomocy \u017cywno\u015bciowej w ramach Funduszy Europejskich Na Pomoc \u017bywno\u015bciow\u0105&nbsp;<\/strong><\/p>\n\n\n\n<p>Z pomocy \u017cywno\u015bciowej mog\u0105 skorzysta\u0107 osoby i rodziny znajduj\u0105ce si\u0119 w trudnej sytuacji \u017cyciowej, spe\u0142niaj\u0105ce ustawowe kryteria, kt\u00f3rych doch\u00f3d&nbsp;<strong>nie przekracza 2 056,40 PLN<\/strong>&nbsp;dla osoby samotnie gospodaruj\u0105cej i 1 590,00 PLN dla osoby w rodzinie.<\/p>\n\n\n\n<p>W tym roku Banki \u017bywno\u015bci przeka\u017c\u0105 wszystkim wsp\u00f3\u0142pracuj\u0105cym organizacjom&nbsp;<strong>21 000 ton \u017cywno\u015bci<\/strong>.&nbsp;W ten spos\u00f3b w tym roku&nbsp;<strong>wsparcie trafi do ponad 644 000 os\u00f3b.&nbsp;<\/strong>Ta pomoc prze\u0142o\u017cy si\u0119 na&nbsp;<strong>oko\u0142o 2 000 000 paczek \u017cywno\u015bciowych i oko\u0142o 700 000 posi\u0142k\u00f3w<\/strong>, kt\u00f3re trafi\u0105 bezpo\u015brednio do os\u00f3b najbardziej potrzebuj\u0105cych.<\/p>\n\n\n\n<p>&#8211; Do uzyskania pomocy potrzebne jest skierowanie z O\u015brodka Pomocy Spo\u0142ecznej &#8211; t\u0142umaczy Beata Ciep\u0142a, Prezes Zarz\u0105du Federacji Polskich Bank\u00f3w \u017bywno\u015bci. &#8211; Ten program jest niezwykle wa\u017cnym krokiem w walce z problemem niedo\u017cywienia i ub\u00f3stwa w Polsce. Dzi\u0119ki Funduszom Europejskim na Pomoc \u017bywno\u015bciow\u0105 mo\u017cemy skuteczniej przekazywa\u0107 bezp\u0142atn\u0105 pomoc \u017cywno\u015bciow\u0105.<\/p>\n\n\n\n<p>Drugim elementem dzia\u0142a\u0144, zwi\u0105zanych z programem Fundusze Europejskie na Pomoc \u017bywno\u015bciow\u0105, s\u0105 dzia\u0142ania towarzysz\u0105ce &#8211; r\u00f3\u017cnego rodzaju&nbsp;<strong>warsztaty grupowe i konsultacje indywidualne<\/strong>.&nbsp;Celem dzia\u0142a\u0144 towarzysz\u0105cych jest edukacja i integracja os\u00f3b korzystaj\u0105cych z bezp\u0142atnej pomocy \u017cywno\u015bciowej. W ramach dzia\u0142a\u0144 zaplanowanych na 2024 roku odb\u0119dzie si\u0119 oko\u0142o&nbsp;<strong>5 000 aktywno\u015bci, w kt\u00f3rych we\u017amie udzia\u0142 a\u017c 60 000 os\u00f3b<\/strong>.<\/p>\n\n\n\n<p>Wi\u0119cej informacji na temat programu Fundusze Europejskie Na Pomoc \u017bywno\u015bciow\u0105 jest dost\u0119pnych na stronie:&nbsp;<a href=\"https:\/\/fepz.bankizywnosci.pl\/\">https:\/\/fepz.bankizywnosci.pl\/<\/a>&nbsp;&nbsp;<\/p>\n\n\n\n<p><strong>O Federacji Polskich Bank\u00f3w \u017bywno\u015bci<\/strong>&nbsp;<\/p>\n\n\n\n<p>Federacja Polskich Bank\u00f3w \u017bywno\u015bci to organizacja po\u017cytku publicznego zrzeszaj\u0105ca 31 Bank\u00f3w \u017bywno\u015bci w ca\u0142ej Polsce. Ka\u017cdy z nich codziennie odbiera ze sklep\u00f3w i od producent\u00f3w&nbsp;niesprzedane, dobre jako\u015bciowo produkty, kt\u00f3re nast\u0119pnie trafiaj\u0105 do organizacji pomocowych, np. jad\u0142odajni, \u015bwietlic \u015brodowiskowych, hospicj\u00f3w, dom\u00f3w dziecka czy o\u015brodk\u00f3w wsparcia dla samotnych matek:&nbsp;&nbsp;<a href=\"https:\/\/bankizywnosci.pl\/\"><strong>www<\/strong><\/a><strong>&nbsp;\/&nbsp;<\/strong><a href=\"https:\/\/www.facebook.com\/bankizywnosci\"><strong>Facebook<\/strong><\/a><strong>&nbsp;\/&nbsp;<\/strong><a href=\"https:\/\/www.instagram.com\/bankizywnosci\/\"><strong>Instagram<\/strong><\/a>&nbsp;<\/p>\n\n\n\n<div style=\"height:30px\" aria-hidden=\"true\" class=\"wp-block-spacer\"><\/div>\n\n\n<div class=\"wp-block-image\">\n<figure class=\"aligncenter size-large\"><a href=\"http:\/\/noclegownia.opole.pl\/wordpress\/wp-content\/uploads\/2024\/07\/FEPZ_PLAKAT-A3-REKRUTACJA-BENEFICJENTOW-DO-PROGRAMU-FEPZ-2021-2027-PP23_110724.jpg\" target=\"_blank\" rel=\"noreferrer noopener\"><img loading=\"lazy\" decoding=\"async\" width=\"733\" height=\"1024\" src=\"http:\/\/noclegownia.opole.pl\/wordpress\/wp-content\/uploads\/2024\/07\/FEPZ_PLAKAT-A3-REKRUTACJA-BENEFICJENTOW-DO-PROGRAMU-FEPZ-2021-2027-PP23_110724-733x1024.jpg\" alt=\"\" class=\"wp-image-413\" srcset=\"http:\/\/noclegownia.opole.pl\/wp-content\/uploads\/2024\/07\/FEPZ_PLAKAT-A3-REKRUTACJA-BENEFICJENTOW-DO-PROGRAMU-FEPZ-2021-2027-PP23_110724-733x1024.jpg 733w, http:\/\/noclegownia.opole.pl\/wp-content\/uploads\/2024\/07\/FEPZ_PLAKAT-A3-REKRUTACJA-BENEFICJENTOW-DO-PROGRAMU-FEPZ-2021-2027-PP23_110724-215x300.jpg 215w, http:\/\/noclegownia.opole.pl\/wp-content\/uploads\/2024\/07\/FEPZ_PLAKAT-A3-REKRUTACJA-BENEFICJENTOW-DO-PROGRAMU-FEPZ-2021-2027-PP23_110724-768x1073.jpg 768w, http:\/\/noclegownia.opole.pl\/wp-content\/uploads\/2024\/07\/FEPZ_PLAKAT-A3-REKRUTACJA-BENEFICJENTOW-DO-PROGRAMU-FEPZ-2021-2027-PP23_110724.jpg 876w\" sizes=\"auto, (max-width: 733px) 100vw, 733px\" \/><\/a><\/figure>\n<\/div>\n\n\n<div style=\"height:56px\" aria-hidden=\"true\" class=\"wp-block-spacer\"><\/div>\n","protected":false},"excerpt":{"rendered":"<p>Skorzystaj z bezp\u0142atnej pomocy \u017cywno\u015bciowej w ramach Funduszy Europejskich Na Pomoc \u017bywno\u015bciow\u0105&nbsp; Z pomocy \u017cywno\u015bciowej mog\u0105 skorzysta\u0107 osoby i rodziny znajduj\u0105ce si\u0119 w trudnej sytuacji \u017cyciowej, spe\u0142niaj\u0105ce ustawowe kryteria, kt\u00f3rych doch\u00f3d&nbsp;nie przekracza 2 056,40 PLN&nbsp;dla osoby samotnie gospodaruj\u0105cej i 1 590,00 PLN dla osoby w [&hellip;]<\/p>\n","protected":false},"author":1,"featured_media":0,"parent":0,"menu_order":0,"comment_status":"closed","ping_status":"closed","template":"","meta":{"footnotes":""},"class_list":["post-408","page","type-page","status-publish","hentry"],"_links":{"self":[{"href":"http:\/\/noclegownia.opole.pl\/index.php\/wp-json\/wp\/v2\/pages\/408","targetHints":{"allow":["GET"]}}],"collection":[{"href":"http:\/\/noclegownia.opole.pl\/index.php\/wp-json\/wp\/v2\/pages"}],"about":[{"href":"http:\/\/noclegownia.opole.pl\/index.php\/wp-json\/wp\/v2\/types\/page"}],"author":[{"embeddable":true,"href":"http:\/\/noclegownia.opole.pl\/index.php\/wp-json\/wp\/v2\/users\/1"}],"replies":[{"embeddable":true,"href":"http:\/\/noclegownia.opole.pl\/index.php\/wp-json\/wp\/v2\/comments?post=408"}],"version-history":[{"count":6,"href":"http:\/\/noclegownia.opole.pl\/index.php\/wp-json\/wp\/v2\/pages\/408\/revisions"}],"predecessor-version":[{"id":416,"href":"http:\/\/noclegownia.opole.pl\/index.php\/wp-json\/wp\/v2\/pages\/408\/revisions\/416"}],"wp:attachment":[{"href":"http:\/\/noclegownia.opole.pl\/index.php\/wp-json\/wp\/v2\/media?parent=408"}],"curies":[{"name":"wp","href":"https:\/\/api.w.org\/{rel}","templated":true}]}}