{"id":154,"date":"2022-01-12T18:00:26","date_gmt":"2022-01-12T18:00:26","guid":{"rendered":"http:\/\/noclegownia.opole.pl\/wordpress\/?page_id=154"},"modified":"2023-05-24T17:22:05","modified_gmt":"2023-05-24T17:22:05","slug":"zamowienia-publiczne","status":"publish","type":"page","link":"http:\/\/noclegownia.opole.pl\/index.php\/zamowienia-publiczne\/","title":{"rendered":"Zam\u00f3wienia publiczne"},"content":{"rendered":"\n<div style=\"height:50px\" aria-hidden=\"true\" class=\"wp-block-spacer\"><\/div>\n\n\n\n<h2 class=\"wp-block-heading has-blue-color has-text-color\"><strong>Plan post\u0119powa\u0144 o udzielenie zam\u00f3wie\u0144 na rok<\/strong> <strong>2023<\/strong><\/h2>\n\n\n\n<div style=\"height:20px\" aria-hidden=\"true\" class=\"wp-block-spacer\"><\/div>\n\n\n\n<div class=\"wp-block-file\"><a id=\"wp-block-file--media-e0fa09ce-0f5f-417f-bfca-1b424b1b66e2\" href=\"http:\/\/noclegownia.opole.pl\/wordpress\/wp-content\/uploads\/2023\/05\/Plan-postepowan-na-rok-2023.pdf\" target=\"_blank\" rel=\"noreferrer noopener\">Plan postepowa\u0144 na rok 2023<\/a><a href=\"http:\/\/noclegownia.opole.pl\/wordpress\/wp-content\/uploads\/2023\/05\/Plan-postepowan-na-rok-2023.pdf\" class=\"wp-block-file__button wp-element-button\" download aria-describedby=\"wp-block-file--media-e0fa09ce-0f5f-417f-bfca-1b424b1b66e2\">Pobierz<\/a><\/div>\n\n\n\n<div style=\"height:20px\" aria-hidden=\"true\" class=\"wp-block-spacer\"><\/div>\n\n\n\n<hr class=\"wp-block-separator has-text-color has-blue-color has-alpha-channel-opacity has-blue-background-color has-background is-style-wide\"\/>\n\n\n\n<div style=\"height:60px\" aria-hidden=\"true\" class=\"wp-block-spacer\"><\/div>\n\n\n\n<div style=\"height:50px\" aria-hidden=\"true\" class=\"wp-block-spacer\"><\/div>\n\n\n\n<h2 class=\"wp-block-heading has-blue-color has-text-color\"><strong>Plan post\u0119powa\u0144 o udzielenie zam\u00f3wie\u0144 na rok<\/strong> <strong>2022<\/strong><\/h2>\n\n\n\n<div style=\"height:20px\" aria-hidden=\"true\" class=\"wp-block-spacer\"><\/div>\n\n\n\n<div class=\"wp-block-file\"><a id=\"wp-block-file--media-e0fa09ce-0f5f-417f-bfca-1b424b1b66e2\" href=\"http:\/\/noclegownia.opole.pl\/wordpress\/wp-content\/uploads\/2022\/11\/Plan-postepowan-Mopobiu-zaktualizowany.pdf\">Plan post\u0119powa\u0144 na rok 2022<\/a><a href=\"http:\/\/noclegownia.opole.pl\/wordpress\/wp-content\/uploads\/2022\/11\/Plan-postepowan-Mopobiu-zaktualizowany.pdf\" class=\"wp-block-file__button wp-element-button\" download aria-describedby=\"wp-block-file--media-e0fa09ce-0f5f-417f-bfca-1b424b1b66e2\">Pobierz<\/a><\/div>\n\n\n\n<div style=\"height:20px\" aria-hidden=\"true\" class=\"wp-block-spacer\"><\/div>\n\n\n\n<hr class=\"wp-block-separator has-text-color has-blue-color has-alpha-channel-opacity has-blue-background-color has-background is-style-wide\"\/>\n\n\n\n<div style=\"height:60px\" aria-hidden=\"true\" class=\"wp-block-spacer\"><\/div>\n\n\n\n<div class=\"wp-block-media-text alignwide is-stacked-on-mobile\" style=\"grid-template-columns:39% auto\"><figure class=\"wp-block-media-text__media\"><img loading=\"lazy\" decoding=\"async\" width=\"612\" height=\"411\" src=\"http:\/\/noclegownia.opole.pl\/wordpress\/wp-content\/uploads\/2022\/01\/cd4b47f2a5a32db6655dde2e07e48a79.jpg\" alt=\"\" class=\"wp-image-175 size-full\" srcset=\"http:\/\/noclegownia.opole.pl\/wp-content\/uploads\/2022\/01\/cd4b47f2a5a32db6655dde2e07e48a79.jpg 612w, http:\/\/noclegownia.opole.pl\/wp-content\/uploads\/2022\/01\/cd4b47f2a5a32db6655dde2e07e48a79-300x201.jpg 300w, http:\/\/noclegownia.opole.pl\/wp-content\/uploads\/2022\/01\/cd4b47f2a5a32db6655dde2e07e48a79-600x403.jpg 600w\" sizes=\"auto, (max-width: 612px) 100vw, 612px\" \/><\/figure><div class=\"wp-block-media-text__content\">\n<p class=\"has-text-align-center\" style=\"font-size:18px\">&#8222;Dostawa ca\u0142odziennych posi\u0142k\u00f3w dla max 5 os\u00f3b&#8221; &#8211; \u015bwiadczenie us\u0142ug cateringu dietetycznego w zakresie przygotowania i dostawy ca\u0142odziennych posi\u0142k\u00f3w lekkostrawnych dla max 5 os\u00f3b bezdomnych przebywaj\u0105cych w schronisku z us\u0142ugami opieku\u0144czymi w Miejskim O\u015brodku Pomocy Osobom Bezdomnym i Uzale\u017cnionym w Opolu w ramach projektu pt. &#8222;Centrum Pomocy&#8221; &#8211; wsparcie os\u00f3b niesamodzielnych oraz opiekun\u00f3w faktycznych w Opolu.<\/p>\n<\/div><\/div>\n\n\n\n<p><\/p>\n\n\n\n<div class=\"wp-block-file\"><a id=\"wp-block-file--media-efe3c12e-1735-4037-b9a6-f6f9d39c587f\" href=\"http:\/\/noclegownia.opole.pl\/wordpress\/wp-content\/uploads\/2022\/01\/Ogloszenie-o-zamowieniu-optimized.pdf\">Og\u0142oszenie o zam\u00f3wieniu<\/a><a href=\"http:\/\/noclegownia.opole.pl\/wordpress\/wp-content\/uploads\/2022\/01\/Ogloszenie-o-zamowieniu-optimized.pdf\" class=\"wp-block-file__button wp-element-button\" download aria-describedby=\"wp-block-file--media-efe3c12e-1735-4037-b9a6-f6f9d39c587f\">Pobierz<\/a><\/div>\n\n\n\n<div class=\"wp-block-file\"><a id=\"wp-block-file--media-a9a669f1-cf1c-4c29-9d9e-9f7b7bafc81b\" href=\"http:\/\/noclegownia.opole.pl\/wordpress\/wp-content\/uploads\/2022\/01\/Zalacznik-do-umowy.xls\">Za\u0142\u0105cznik do umowy<\/a><a href=\"http:\/\/noclegownia.opole.pl\/wordpress\/wp-content\/uploads\/2022\/01\/Zalacznik-do-umowy.xls\" class=\"wp-block-file__button wp-element-button\" download aria-describedby=\"wp-block-file--media-a9a669f1-cf1c-4c29-9d9e-9f7b7bafc81b\">Pobierz<\/a><\/div>\n\n\n\n<div class=\"wp-block-file\"><a id=\"wp-block-file--media-7df498d0-8433-4a2d-a8f4-8d2f11f51328\" href=\"http:\/\/noclegownia.opole.pl\/wordpress\/wp-content\/uploads\/2022\/01\/Zalacznik-nr-1-do-ogloszenia-formularz-ofertowy-1.docx\">Za\u0142\u0105cznik nr 1 do og\u0142oszenia &#8211; formularz ofertowy<\/a><a href=\"http:\/\/noclegownia.opole.pl\/wordpress\/wp-content\/uploads\/2022\/01\/Zalacznik-nr-1-do-ogloszenia-formularz-ofertowy-1.docx\" class=\"wp-block-file__button wp-element-button\" download aria-describedby=\"wp-block-file--media-7df498d0-8433-4a2d-a8f4-8d2f11f51328\">Pobierz<\/a><\/div>\n\n\n\n<div class=\"wp-block-file\"><a id=\"wp-block-file--media-d7d29d3b-014e-49d8-8155-ea0cc24b2914\" href=\"http:\/\/noclegownia.opole.pl\/wordpress\/wp-content\/uploads\/2022\/01\/Zalacznik-nr-2-do-ogloszenia-Opis-przedmiotu-zamoweinia.pdf\">Za\u0142\u0105cznik nr 2 do og\u0142oszenia &#8211; Opis przedmiotu<\/a><a href=\"http:\/\/noclegownia.opole.pl\/wordpress\/wp-content\/uploads\/2022\/01\/Zalacznik-nr-2-do-ogloszenia-Opis-przedmiotu-zamoweinia.pdf\" class=\"wp-block-file__button wp-element-button\" download aria-describedby=\"wp-block-file--media-d7d29d3b-014e-49d8-8155-ea0cc24b2914\">Pobierz<\/a><\/div>\n\n\n\n<div class=\"wp-block-file\"><a id=\"wp-block-file--media-80cbfb99-2f81-41a0-b0bd-ec2c1ce5a863\" href=\"http:\/\/noclegownia.opole.pl\/wordpress\/wp-content\/uploads\/2022\/01\/Zalacznik-nr-3-do-ogloszenia-Oswiadczenie-wykonawcy.pdf\">Za\u0142\u0105cznik nr 3 do og\u0142oszenia &#8211; O\u015bwiadczenie<\/a><a href=\"http:\/\/noclegownia.opole.pl\/wordpress\/wp-content\/uploads\/2022\/01\/Zalacznik-nr-3-do-ogloszenia-Oswiadczenie-wykonawcy.pdf\" class=\"wp-block-file__button wp-element-button\" download aria-describedby=\"wp-block-file--media-80cbfb99-2f81-41a0-b0bd-ec2c1ce5a863\">Pobierz<\/a><\/div>\n\n\n\n<div class=\"wp-block-file\"><a id=\"wp-block-file--media-6b398461-9b61-44c1-8a17-26f356026ec3\" href=\"http:\/\/noclegownia.opole.pl\/wordpress\/wp-content\/uploads\/2022\/01\/Zalacznik-nr-4-do-ogloszenia-Wzor-umowy.pdf\">Za\u0142\u0105cznik nr 4 do og\u0142oszenia &#8211; Wz\u00f3r umowy<\/a><a href=\"http:\/\/noclegownia.opole.pl\/wordpress\/wp-content\/uploads\/2022\/01\/Zalacznik-nr-4-do-ogloszenia-Wzor-umowy.pdf\" class=\"wp-block-file__button wp-element-button\" download aria-describedby=\"wp-block-file--media-6b398461-9b61-44c1-8a17-26f356026ec3\">Pobierz<\/a><\/div>\n\n\n\n<div class=\"wp-block-file\"><a id=\"wp-block-file--media-cfd1f423-0d6b-4a38-ac92-af2defa9cae9\" href=\"http:\/\/noclegownia.opole.pl\/wordpress\/wp-content\/uploads\/2022\/01\/Zalacznik-nr-5-do-ogloszenia.pdf\">Za\u0142\u0105cznik nr 5 do og\u0142oszenia<\/a><a href=\"http:\/\/noclegownia.opole.pl\/wordpress\/wp-content\/uploads\/2022\/01\/Zalacznik-nr-5-do-ogloszenia.pdf\" class=\"wp-block-file__button wp-element-button\" download aria-describedby=\"wp-block-file--media-cfd1f423-0d6b-4a38-ac92-af2defa9cae9\">Pobierz<\/a><\/div>\n\n\n\n<div style=\"height:50px\" aria-hidden=\"true\" class=\"wp-block-spacer\"><\/div>\n\n\n\n<hr class=\"wp-block-separator has-css-opacity is-style-wide\"\/>\n\n\n\n<div style=\"height:60px\" aria-hidden=\"true\" class=\"wp-block-spacer\"><\/div>\n","protected":false},"excerpt":{"rendered":"<p>Plan post\u0119powa\u0144 o udzielenie zam\u00f3wie\u0144 na rok 2023 Plan post\u0119powa\u0144 o udzielenie zam\u00f3wie\u0144 na rok 2022 &#8222;Dostawa ca\u0142odziennych posi\u0142k\u00f3w dla max 5 os\u00f3b&#8221; &#8211; \u015bwiadczenie us\u0142ug cateringu dietetycznego w zakresie przygotowania i dostawy ca\u0142odziennych posi\u0142k\u00f3w lekkostrawnych dla max 5 os\u00f3b bezdomnych przebywaj\u0105cych w schronisku z [&hellip;]<\/p>\n","protected":false},"author":1,"featured_media":0,"parent":0,"menu_order":0,"comment_status":"closed","ping_status":"closed","template":"","meta":{"footnotes":""},"class_list":["post-154","page","type-page","status-publish","hentry"],"_links":{"self":[{"href":"http:\/\/noclegownia.opole.pl\/index.php\/wp-json\/wp\/v2\/pages\/154","targetHints":{"allow":["GET"]}}],"collection":[{"href":"http:\/\/noclegownia.opole.pl\/index.php\/wp-json\/wp\/v2\/pages"}],"about":[{"href":"http:\/\/noclegownia.opole.pl\/index.php\/wp-json\/wp\/v2\/types\/page"}],"author":[{"embeddable":true,"href":"http:\/\/noclegownia.opole.pl\/index.php\/wp-json\/wp\/v2\/users\/1"}],"replies":[{"embeddable":true,"href":"http:\/\/noclegownia.opole.pl\/index.php\/wp-json\/wp\/v2\/comments?post=154"}],"version-history":[{"count":12,"href":"http:\/\/noclegownia.opole.pl\/index.php\/wp-json\/wp\/v2\/pages\/154\/revisions"}],"predecessor-version":[{"id":371,"href":"http:\/\/noclegownia.opole.pl\/index.php\/wp-json\/wp\/v2\/pages\/154\/revisions\/371"}],"wp:attachment":[{"href":"http:\/\/noclegownia.opole.pl\/index.php\/wp-json\/wp\/v2\/media?parent=154"}],"curies":[{"name":"wp","href":"https:\/\/api.w.org\/{rel}","templated":true}]}}